{"id":1326,"date":"2020-02-18T14:45:01","date_gmt":"2020-02-18T12:45:01","guid":{"rendered":"http:\/\/easycharging.ro\/?page_id=1326"},"modified":"2020-03-25T02:35:50","modified_gmt":"2020-03-25T00:35:50","slug":"fast-charging-2","status":"publish","type":"page","link":"https:\/\/easycharging.ro\/?page_id=1326","title":{"rendered":"Termeni si Conditii"},"content":{"rendered":"\t\t<div data-elementor-type=\"wp-post\" data-elementor-id=\"1326\" class=\"elementor elementor-1326\">\n\t\t\t\t\t\t<section class=\"elementor-section elementor-top-section elementor-element elementor-element-e1a3d05 elementor-section-boxed elementor-section-height-default elementor-section-height-default\" data-id=\"e1a3d05\" data-element_type=\"section\">\n\t\t\t\t\t\t<div class=\"elementor-container elementor-column-gap-default\">\n\t\t\t\t\t<div class=\"elementor-column elementor-col-100 elementor-top-column elementor-element elementor-element-a3f2e2d\" data-id=\"a3f2e2d\" data-element_type=\"column\">\n\t\t\t<div class=\"elementor-widget-wrap elementor-element-populated\">\n\t\t\t\t\t\t<div class=\"elementor-element elementor-element-f7151b6 elementor-widget elementor-widget-image\" data-id=\"f7151b6\" data-element_type=\"widget\" data-widget_type=\"image.default\">\n\t\t\t\t<div class=\"elementor-widget-container\">\n\t\t\t\t\t\t\t\t\t\t\t\t\t\t\t\t<a href=\"http:\/\/easycharging.ro\/\">\n\t\t\t\t\t\t\t<img fetchpriority=\"high\" decoding=\"async\" width=\"804\" height=\"129\" src=\"https:\/\/easycharging.ro\/wp-content\/uploads\/2020\/03\/logo-final-600x96.png\" class=\"attachment-large size-large wp-image-1437\" alt=\"\" srcset=\"https:\/\/easycharging.ro\/wp-content\/uploads\/2020\/03\/logo-final.png 804w, https:\/\/easycharging.ro\/wp-content\/uploads\/2020\/03\/logo-final-300x48.png 300w, https:\/\/easycharging.ro\/wp-content\/uploads\/2020\/03\/logo-final-768x123.png 768w, https:\/\/easycharging.ro\/wp-content\/uploads\/2020\/03\/logo-final-600x96.png 600w, https:\/\/easycharging.ro\/wp-content\/uploads\/2020\/03\/logo-final-200x32.png 200w\" sizes=\"(max-width: 804px) 100vw, 804px\" \/>\t\t\t\t\t\t\t\t<\/a>\n\t\t\t\t\t\t\t\t\t\t\t\t\t\t\t<\/div>\n\t\t\t\t<\/div>\n\t\t\t\t\t<\/div>\n\t\t<\/div>\n\t\t\t\t\t<\/div>\n\t\t<\/section>\n\t\t\t\t<section class=\"elementor-section elementor-top-section elementor-element elementor-element-b3b1877 elementor-section-boxed elementor-section-height-default elementor-section-height-default\" data-id=\"b3b1877\" data-element_type=\"section\">\n\t\t\t\t\t\t<div class=\"elementor-container elementor-column-gap-default\">\n\t\t\t\t\t<div class=\"elementor-column elementor-col-100 elementor-top-column elementor-element elementor-element-28cdc28\" data-id=\"28cdc28\" data-element_type=\"column\">\n\t\t\t<div class=\"elementor-widget-wrap elementor-element-populated\">\n\t\t\t\t\t\t<div class=\"elementor-element elementor-element-c37f3eb elementor-icon-list--layout-traditional elementor-list-item-link-full_width elementor-widget elementor-widget-icon-list\" data-id=\"c37f3eb\" data-element_type=\"widget\" data-widget_type=\"icon-list.default\">\n\t\t\t\t<div class=\"elementor-widget-container\">\n\t\t\t\t\t\t\t<ul class=\"elementor-icon-list-items\">\n\t\t\t\t\t\t\t<li class=\"elementor-icon-list-item\">\n\t\t\t\t\t\t\t\t\t\t\t<a href=\"\">\n\n\t\t\t\t\t\t\t\t\t\t\t\t<span class=\"elementor-icon-list-icon\">\n\t\t\t\t\t\t\t<i aria-hidden=\"true\" class=\"fas fa-chevron-left\"><\/i>\t\t\t\t\t\t<\/span>\n\t\t\t\t\t\t\t\t\t\t<span class=\"elementor-icon-list-text\">Back<\/span>\n\t\t\t\t\t\t\t\t\t\t\t<\/a>\n\t\t\t\t\t\t\t\t\t<\/li>\n\t\t\t\t\t\t<\/ul>\n\t\t\t\t\t\t<\/div>\n\t\t\t\t<\/div>\n\t\t\t\t<div class=\"elementor-element elementor-element-506d0b7 elementor-widget-divider--view-line elementor-widget elementor-widget-divider\" data-id=\"506d0b7\" data-element_type=\"widget\" data-widget_type=\"divider.default\">\n\t\t\t\t<div class=\"elementor-widget-container\">\n\t\t\t\t\t\t\t<div class=\"elementor-divider\">\n\t\t\t<span class=\"elementor-divider-separator\">\n\t\t\t\t\t\t<\/span>\n\t\t<\/div>\n\t\t\t\t\t\t<\/div>\n\t\t\t\t<\/div>\n\t\t\t\t\t<\/div>\n\t\t<\/div>\n\t\t\t\t\t<\/div>\n\t\t<\/section>\n\t\t\t\t<section class=\"elementor-section elementor-top-section elementor-element elementor-element-fa1913b elementor-section-boxed elementor-section-height-default elementor-section-height-default\" data-id=\"fa1913b\" data-element_type=\"section\">\n\t\t\t\t\t\t<div class=\"elementor-container elementor-column-gap-default\">\n\t\t\t\t\t<div class=\"elementor-column elementor-col-100 elementor-top-column elementor-element elementor-element-c2ef1a1\" data-id=\"c2ef1a1\" data-element_type=\"column\">\n\t\t\t<div class=\"elementor-widget-wrap elementor-element-populated\">\n\t\t\t\t\t\t<div class=\"elementor-element elementor-element-fcadf38 elementor-widget elementor-widget-heading\" data-id=\"fcadf38\" data-element_type=\"widget\" data-widget_type=\"heading.default\">\n\t\t\t\t<div class=\"elementor-widget-container\">\n\t\t\t\t\t<h2 class=\"elementor-heading-title elementor-size-large\">Termeni si conditii<\/h2>\t\t\t\t<\/div>\n\t\t\t\t<\/div>\n\t\t\t\t\t<\/div>\n\t\t<\/div>\n\t\t\t\t\t<\/div>\n\t\t<\/section>\n\t\t\t\t<section class=\"elementor-section elementor-top-section elementor-element elementor-element-d2ee0b0 elementor-section-boxed elementor-section-height-default elementor-section-height-default\" data-id=\"d2ee0b0\" data-element_type=\"section\">\n\t\t\t\t\t\t<div class=\"elementor-container elementor-column-gap-default\">\n\t\t\t\t\t<div class=\"elementor-column elementor-col-100 elementor-top-column elementor-element elementor-element-4439b1b\" data-id=\"4439b1b\" data-element_type=\"column\">\n\t\t\t<div class=\"elementor-widget-wrap elementor-element-populated\">\n\t\t\t\t\t\t<div class=\"elementor-element elementor-element-c345a2a elementor-widget elementor-widget-text-editor\" data-id=\"c345a2a\" data-element_type=\"widget\" data-widget_type=\"text-editor.default\">\n\t\t\t\t<div class=\"elementor-widget-container\">\n\t\t\t\t\t\t\t\t\t<p style=\"color: #000000; font-size: medium; font-style: normal; font-weight: 400; margin: 0in 0in 11.25pt; background: #fafafa;\"><span style=\"font-size: 10.5pt; font-family: Verdana, sans-serif; color: #747474;\">TERMENI SI CONDITII GDPR<\/span><\/p><p style=\"color: #000000; font-size: medium; font-style: normal; font-weight: 400; margin: 0in 0in 11.25pt; background: #fafafa; font-variant-numeric: inherit; font-variant-east-asian: inherit; font-stretch: inherit; line-height: inherit;\"><span style=\"font-size: 10.5pt; font-family: Verdana, sans-serif; color: #747474;\">Conditii Generale pentru utilizarea site-ului easycharging.ro<\/span><\/p><p style=\"color: #000000; font-size: medium; font-style: normal; font-weight: 400; margin: 0in 0in 11.25pt; background: #fafafa; font-variant-numeric: inherit; font-variant-east-asian: inherit; font-stretch: inherit; line-height: inherit;\"><span style=\"font-size: 10.5pt; font-family: Verdana, sans-serif; color: #747474;\">ACCEPTAREA CONDITIILOR<\/span><\/p><p style=\"color: #000000; font-size: medium; font-style: normal; font-weight: 400; margin: 0in 0in 11.25pt; background: #fafafa; font-variant-numeric: inherit; font-variant-east-asian: inherit; font-stretch: inherit; line-height: inherit;\"><span style=\"font-size: 10.5pt; font-family: Verdana, sans-serif; color: #747474;\">Prin accesarea acestui site web si\/sau a oricarei pagini a acestuia sunteti de acord cu aceste conditii de utilizare. Daca nu sunteti de acord cu acesti termeni si conditii de utilizare, nu accesati acest site.<\/span><\/p><p style=\"color: #000000; font-size: medium; font-style: normal; font-weight: 400; margin: 0in 0in 11.25pt; background: #fafafa; font-variant-numeric: inherit; font-variant-east-asian: inherit; font-stretch: inherit; line-height: inherit;\"><span style=\"font-size: 10.5pt; font-family: Verdana, sans-serif; color: #747474;\">DESCRIEREA SERVICIILOR<\/span><\/p><p style=\"color: #000000; font-size: medium; font-style: normal; font-weight: 400; margin: 0in 0in 11.25pt; background: #fafafa; font-variant-numeric: inherit; font-variant-east-asian: inherit; font-stretch: inherit; line-height: inherit;\"><span style=\"font-size: 10.5pt; font-family: Verdana, sans-serif; color: #747474;\">Siteul nostru va pune la dispozitie informatiile din acest site web in scop informativ general si nu garanteaza de exactitatea lor la un moment dat, desi se va incerca pe cat posibil ca la publicarea lor pe site toate informatiile sa fie exacte.<\/span><\/p><p style=\"color: #000000; font-size: medium; font-style: normal; font-weight: 400; margin: 0in 0in 11.25pt; background: #fafafa; font-variant-numeric: inherit; font-variant-east-asian: inherit; font-stretch: inherit; line-height: inherit;\"><span style=\"font-size: 10.5pt; font-family: Verdana, sans-serif; color: #747474;\">INTRODUCERE<br \/>Prezentele Conditii Generale definesc conditiile de utilizare a site-ului easycharging.ro de catre potentialii vizitatori sau clienti. Acces\u00e2nd si navig\u00e2nd pe acest site, acceptati termenii de utilizare descrisi \u00een continuare.<\/span><\/p><p style=\"color: #000000; font-size: medium; font-style: normal; font-weight: 400; margin: 0in 0in 11.25pt; background: #fafafa; font-variant-numeric: inherit; font-variant-east-asian: inherit; font-stretch: inherit; line-height: inherit;\"><span style=\"font-size: 10.5pt; font-family: Verdana, sans-serif; color: #747474;\">DREPTURILE ASUPRA CONTINUTULUI SITE-ULUI<br \/>EASY CHARGING SRL (denumita \u00een continuare EASY CHARGING), nu va transfera titlul de proprietate asupra aplicatiilor software .<\/span><\/p><p style=\"color: #000000; font-size: medium; font-style: normal; font-weight: 400; margin: 0in 0in 11.25pt; background: #fafafa; font-variant-numeric: inherit; font-variant-east-asian: inherit; font-stretch: inherit; line-height: inherit;\"><span style=\"font-size: 10.5pt; font-family: Verdana, sans-serif; color: #747474;\">EASY CHARGING detine drepturi complete si depline asupra titlului de proprietate si prin aceasta toate drepturile de autor si cele brevetate. Nu aveti dreptul sa redistribuiti, vindeti, decompilati, dezasamblati aplicatia software \u00eentr-o forma perceptibila de catre oameni.<\/span><\/p><p style=\"color: #000000; font-size: medium; font-style: normal; font-weight: 400; margin: 0in 0in 11.25pt; background: #fafafa; font-variant-numeric: inherit; font-variant-east-asian: inherit; font-stretch: inherit; line-height: inherit;\"><span style=\"font-size: 10.5pt; font-family: Verdana, sans-serif; color: #747474;\">Toate informatiile, produsele sau aplicatiile continute \u00een acest site sunt proprietatea EASY CHARGING, care \u00eesi rezerva dreptul de a modifica continutul si\/sau structura site-ului \u00een orice moment si fara nici o informare prealabila.<\/span><\/p><p style=\"color: #000000; font-size: medium; font-style: normal; font-weight: 400; margin: 0in 0in 11.25pt; background: #fafafa; font-variant-numeric: inherit; font-variant-east-asian: inherit; font-stretch: inherit; line-height: inherit;\"><span style=\"font-size: 10.5pt; font-family: Verdana, sans-serif; color: #747474;\">\u00centregul continut al site-ului easycharging.ro este protejat prin legea drepturilor de autor, toate drepturile fiind rezervate. Toate drepturile referitoare la pagini, continutul si prezentarea site-ului sunt detinute de EASY CHARGING. Este interzisa copierea, modificarea, afisarea, distribuirea, transmiterea, publicarea, comercializarea, licentierea, crearea unor materiale derivate sau utilizarea continutului site-ului \u00een orice scop fara confirmarea scrisa din partea EASY CHARGING.<\/span><\/p><p style=\"color: #000000; font-size: medium; font-style: normal; font-weight: 400; margin: 0in 0in 11.25pt; background: #fafafa; font-variant-numeric: inherit; font-variant-east-asian: inherit; font-stretch: inherit; line-height: inherit;\"><span style=\"font-size: 10.5pt; font-family: Verdana, sans-serif; color: #747474;\">Accesul si utilizarea paginii easycharging.ro sunt gratuite si au scopul de a veni in ajutorul utilizatorilor pentru a gasi informatiile necesare \u00een cel mai usor si rapid mod posibil, conform cerintelor fiecaruia.<\/span><\/p><p style=\"color: #000000; font-size: medium; font-style: normal; font-weight: 400; margin: 0in 0in 11.25pt; background: #fafafa; font-variant-numeric: inherit; font-variant-east-asian: inherit; font-stretch: inherit; line-height: inherit;\"><span style=\"font-size: 10.5pt; font-family: Verdana, sans-serif; color: #747474;\">Informatiile prezente pe easycharging.ro sunt de interes general si sunt puse la dispozitia utilizatorilor \u00een mod gratuit. Prin termenul \u201eutilizator\u201d al acestei pagini se \u00eentelege orice persoana fizica sau juridica care va accesa pagina. Puteti copia si tipari continutul paginii easycharging.ro pentru folosinta dumneavoastra personala, fara intentii comerciale. \u00cen orice alte situatii, continutul easycharging.ro nu poate fi reprodus, modificat sau exploatat fara consimtam\u00e2ntul explicit al reprezentantilor easycharging.ro.<\/span><\/p><p style=\"color: #000000; font-size: medium; font-style: normal; font-weight: 400; margin: 0in 0in 11.25pt; background: #fafafa; font-variant-numeric: inherit; font-variant-east-asian: inherit; font-stretch: inherit; line-height: inherit;\"><span style=\"font-size: 10.5pt; font-family: Verdana, sans-serif; color: #747474;\">NEANGAJAREA RASPUNDERII<br \/>Continutul informatiilor se refera la descrierea \u00eentr-un anumit grad de detaliere a activitatilor, produselor si serviciilor EASY CHARGING. EASY CHARGING nu va acorda nici o garantie referitoare la:<\/span><\/p><p style=\"color: #000000; font-size: medium; font-style: normal; font-weight: 400; margin: 0in 0in 11.25pt; background: #fafafa; font-variant-numeric: inherit; font-variant-east-asian: inherit; font-stretch: inherit; line-height: inherit;\"><span style=\"font-size: 10.5pt; font-family: Verdana, sans-serif; color: #747474;\">\u2013 evitarea utilizarii anevoioase sau \u00eentreruperii \u00een utilizare a site-ului;<br \/>\u2013 neafectarea \u00een sens negativ a altor sisteme prin utilizarea site-ului;<br \/>\u2013 inexistenta pe site-ul pus la dispozitie a virusilor sau alte componente care ar putea dauna utilizatorilor.<\/span><\/p><p style=\"color: #000000; font-size: medium; font-style: normal; font-weight: 400; margin: 0in 0in 11.25pt; background: #fafafa; font-variant-numeric: inherit; font-variant-east-asian: inherit; font-stretch: inherit; line-height: inherit;\"><span style=\"font-size: 10.5pt; font-family: Verdana, sans-serif; color: #747474;\">Astfel, EASY CHARGING nu poate fi responsabila pentru nici un fel de daune directe sau indirecte produse prin utilizarea site-ului sau.<br \/>Toate informatiile prezentate pe site cu privire la produsele easycharging.ro, preturi, informatii, campanii si promotii de marketing, aspecte tehnice, sunt prezentate cu titlu informativ. Nimic din continutul site-ului easycharging.ro nu poate constitui o oferta ferma de a contracta si nu poate angaja raspunderea Amigio \u00een lipsa unor acorduri ulterioare.<\/span><\/p><p style=\"color: #000000; font-size: medium; font-style: normal; font-weight: 400; margin: 0in 0in 11.25pt; background: #fafafa; font-variant-numeric: inherit; font-variant-east-asian: inherit; font-stretch: inherit; line-height: inherit;\"><span style=\"font-size: 10.5pt; font-family: Verdana, sans-serif; color: #747474;\">Continutul paginii web easycharging.ro, a informatiilor si a altor materiale prezentate de Comunitatea easycharging.ro nu reprezinta o consultatie juridica \u00een sensul Legii nr. 51\/1995.<\/span><\/p><p style=\"color: #000000; font-size: medium; font-style: normal; font-weight: 400; margin: 0in 0in 11.25pt; background: #fafafa; font-variant-numeric: inherit; font-variant-east-asian: inherit; font-stretch: inherit; line-height: inherit;\"><span style=\"font-size: 10.5pt; font-family: Verdana, sans-serif; color: #747474;\">GDPR este un set de reguli bazat pe principii complexe, care este deschis la interpretare si cotine, de asemenea, numeroase domenii \u00een care statele membre sunt invitate sa intervina. \u00cen prezent exista foarte putine \u00eendrumari cu privire la implementarea GDPR si este posibil ca Autoritatile de Supraveghere sa aiba puncte de vedere diferite fata de cele exprimate \u00een acest ?ablon. \u00cen ciuda eforturilor noastre de a oferi cele mai bune servicii, nu putem anticipa cu exactitate modul \u00een care Autoritatea de Supraveghere sau instan?ele de judecata vor interpreta Regulamentul.<\/span><\/p><p style=\"color: #000000; font-size: medium; font-style: normal; font-weight: 400; margin: 0in 0in 11.25pt; background: #fafafa; font-variant-numeric: inherit; font-variant-east-asian: inherit; font-stretch: inherit; line-height: inherit;\"><span style=\"font-size: 10.5pt; font-family: Verdana, sans-serif; color: #747474;\">easycharging.ro nu face nicio declaratie, promisiune sau garantie cu privire la exactitatea, exhaustivitatea sau caracterul adecvat al prezentului continut, al \u00eendrumarilor si a consultantei, nu \u00eesi asuma nicio obligatie de rezultat sau diligenta fata de nicio persoana, exclud \u00een mod expres si neaga raspunderea pentru orice cost, pierdere sau daunele suferite ca urmare a utilizarii continutului.<\/span><\/p><p style=\"color: #000000; font-size: medium; font-style: normal; font-weight: 400; margin: 0in 0in 11.25pt; background: #fafafa; font-variant-numeric: inherit; font-variant-east-asian: inherit; font-stretch: inherit; line-height: inherit;\"><span style=\"font-size: 10.5pt; font-family: Verdana, sans-serif; color: #747474;\">OBIECTIVUL CONTINUTULUI SITE-ULUI<br \/>Obiectivul continutului site-ului este de a transmite informatii actualizate si exacte.<\/span><\/p><p style=\"color: #000000; font-size: medium; font-style: normal; font-weight: 400; margin: 0in 0in 11.25pt; background: #fafafa; font-variant-numeric: inherit; font-variant-east-asian: inherit; font-stretch: inherit; line-height: inherit;\"><span style=\"font-size: 10.5pt; font-family: Verdana, sans-serif; color: #747474;\">EASY CHARGING nu poate garanta ca prezentele pagini nu contin erori, si asigura ca va depune toate diligentele pentru realizarea unei informari corecte si remedierea eventualelor erori.<\/span><\/p><p style=\"color: #000000; font-size: medium; font-style: normal; font-weight: 400; margin: 0in 0in 11.25pt; background: #fafafa; font-variant-numeric: inherit; font-variant-east-asian: inherit; font-stretch: inherit; line-height: inherit;\"><span style=\"font-size: 10.5pt; font-family: Verdana, sans-serif; color: #747474;\">Orice persoana care doreste sa-si procure unul din serviciile sau produsele prezentate \u00een site este rugata sa contacteze EASY CHARGING prin unul din mijloacele afisate \u00een pagina de Contact a site-ului, pentru a se informa at\u00e2t asupra disponibilitatii serviciului sau produsului \u00een cauza c\u00e2t si asupra conditiilor contractuale, tarifelor si informatiilor tehnice sau de alta natura.<\/span><\/p><p style=\"color: #000000; font-size: medium; font-style: normal; font-weight: 400; margin: 0in 0in 0.0001pt; background: #fafafa; font-variant-numeric: inherit; font-variant-east-asian: inherit; font-stretch: inherit; line-height: inherit;\"><span style=\"font-size: 10.5pt; font-family: Verdana, sans-serif; color: #747474;\">INFORMATII PERSONALE<br \/>C\u00e2nd prin intermediul prezentului\u00a0<span style=\"padding: 0in; border: 1pt none windowtext;\">site\u00a0<\/span>va sunt solicitate informatii, aceasta are ca scop identificarea dumneavoastra sau posibilitatea de a va contacta. Acest lucru este cu at\u00e2t mai necesar \u00een cazul folosirii aplicatiilor disponibile pe site.<\/span><\/p><p style=\"color: #000000; font-size: medium; font-style: normal; font-weight: 400; margin: 0in 0in 11.25pt; background: #fafafa; font-variant-numeric: inherit; font-variant-east-asian: inherit; font-stretch: inherit; line-height: inherit;\"><span style=\"font-size: 10.5pt; font-family: Verdana, sans-serif; color: #747474;\">Natura informatiilor solicitate se refera \u00een special la date personale (nume, adresa, numere de telefon), adresa de e-mail, modul \u00een care sunt utilizate sau intentioneaza sa fie utilizate produsele si\/sau serviciile EASY CHARGING, dar poate include si alte informatii aflate \u00een str\u00e2nsa legatura cu utilizarea serviciilor si\/sau produselor solicitate.<\/span><\/p><p style=\"color: #000000; font-size: medium; font-style: normal; font-weight: 400; margin: 0in 0in 11.25pt; background: #fafafa; font-variant-numeric: inherit; font-variant-east-asian: inherit; font-stretch: inherit; line-height: inherit;\"><span style=\"font-size: 10.5pt; font-family: Verdana, sans-serif; color: #747474;\">Cu scopul de a raspunde mai bine nevoilor si \u00eentrebarilor utilizatorilor site-ului, informatiile solicitate prin intermediul acestui site vor face obiectul unei stocari si prelucrari electronice.<\/span><\/p><p style=\"color: #000000; font-size: medium; font-style: normal; font-weight: 400; margin: 0in 0in 11.25pt; background: #fafafa; font-variant-numeric: inherit; font-variant-east-asian: inherit; font-stretch: inherit; line-height: inherit;\"><span style=\"font-size: 10.5pt; font-family: Verdana, sans-serif; color: #747474;\">LEGATURA CU ALTE SITE-URI<br \/>Prezentul site poate contine legaturi sau trimiteri catre alte site-uri considerate de EASY CHARGING utile \u00een legatura cu continutul site-ului sau si care nu se afla sub controlul sau \u00eendrumarea sa. \u00cen cazul utilizarii acestor legaturi sau trimiteri se vor aplica conditiile generale de utilizare corespunzatoare acelor site-uri.<\/span><\/p><p style=\"color: #000000; font-size: medium; font-style: normal; font-weight: 400; margin: 0in 0in 11.25pt; background: #fafafa; font-variant-numeric: inherit; font-variant-east-asian: inherit; font-stretch: inherit; line-height: inherit;\"><span style=\"font-size: 10.5pt; font-family: Verdana, sans-serif; color: #747474;\">EASY CHARGING nu poate garanta\/controla actualitatea\/exactitatea informatiilor prezente pe site-urile unor terti, la care se face trimitere de pe site-ul sau.<\/span><\/p><p style=\"color: #000000; font-size: medium; font-style: normal; font-weight: 400; margin: 0in 0in 11.25pt; background: #fafafa; font-variant-numeric: inherit; font-variant-east-asian: inherit; font-stretch: inherit; line-height: inherit;\"><span style=\"font-size: 10.5pt; font-family: Verdana, sans-serif; color: #747474;\">INFORMATIILE OFERITE PRIN INTERMEDIUL SITE-ULUI<br \/>Orice persoana care viziteaza site-ul easycharging.ro si care ofera date sau informatii cu caracter personal prin intermediul acestui site \u00eesi manifesta acordul \u00een mod expres si neechivoc pentru urmatoarele: prelucrarea acestor date si informatii personale de catre EASY CHARGING; transmiterii de materiale promotionale specifice operatiunilor de marketing direct; solutionarea de catre EASY CHARGING a cererilor, \u00eentrebarilor si reclamatiilor adresate (a se vedea pagina Contact din site); alte activitati \u00eentreprinse de EASY CHARGING si permise de lege, ce nu fac obiectul unei aprobari din partea destinatarului.<\/span><\/p><p style=\"color: #000000; font-size: medium; font-style: normal; font-weight: 400; margin: 0in 0in 11.25pt; background: #fafafa; font-variant-numeric: inherit; font-variant-east-asian: inherit; font-stretch: inherit; line-height: inherit;\"><span style=\"font-size: 10.5pt; font-family: Verdana, sans-serif; color: #747474;\">EASY CHARGING va pastra confidentialitatea acestor informatii.<\/span><\/p><p style=\"color: #000000; font-size: medium; font-style: normal; font-weight: 400; margin: 0in 0in 11.25pt; background: #fafafa; font-variant-numeric: inherit; font-variant-east-asian: inherit; font-stretch: inherit; line-height: inherit;\"><span style=\"font-size: 10.5pt; font-family: Verdana, sans-serif; color: #747474;\">Utilizarea \u00een continuare a acestui site constituie acordul expres si neechivoc al dumneavoastra \u00een conformitate cu prevederile legii 677\/2001 si directivelor GDPR pentru protectia persoanelor cu privire la prelucrarea datelor cu caracter personal si libera circulatie a acestor date.<\/span><\/p><p style=\"color: #000000; font-size: medium; font-style: normal; font-weight: 400; margin: 0in 0in 11.25pt; background: #fafafa; font-variant-numeric: inherit; font-variant-east-asian: inherit; font-stretch: inherit; line-height: inherit;\"><span style=\"font-size: 10.5pt; font-family: Verdana, sans-serif; color: #747474;\">Pentru orice nelamurire \u00een legatura cu exercitarea drepturilor dumneavoastra referitoare la utilizarea site-ului si la protectia utilizarii va rugam sa ne contactati prin intermediul sectiunii Contact din site.<\/span><\/p><p class=\"MsoNormal\" style=\"color: #000000; font-size: medium; font-style: normal; font-weight: 400;\">\u00a0<\/p>\t\t\t\t\t\t\t\t<\/div>\n\t\t\t\t<\/div>\n\t\t\t\t\t<\/div>\n\t\t<\/div>\n\t\t\t\t\t<\/div>\n\t\t<\/section>\n\t\t\t\t<\/div>\n\t\t","protected":false},"excerpt":{"rendered":"<p>Back Termeni si conditii TERMENI SI CONDITII GDPR Conditii Generale pentru utilizarea site-ului easycharging.ro ACCEPTAREA CONDITIILOR Prin accesarea acestui site web si\/sau a oricarei pagini a acestuia sunteti de acord cu aceste conditii de utilizare. Daca nu sunteti de acord cu acesti termeni si conditii de utilizare, nu accesati acest site. DESCRIEREA SERVICIILOR Siteul nostru &hellip;<\/p>\n<p class=\"read-more\"> <a class=\"\" href=\"https:\/\/easycharging.ro\/?page_id=1326\"> <span class=\"screen-reader-text\">Termeni si Conditii<\/span> Read More &raquo;<\/a><\/p>\n","protected":false},"author":1,"featured_media":0,"parent":0,"menu_order":0,"comment_status":"closed","ping_status":"closed","template":"elementor_canvas","meta":{"_monsterinsights_skip_tracking":false,"_monsterinsights_sitenote_active":false,"_monsterinsights_sitenote_note":"","_monsterinsights_sitenote_category":0,"footnotes":""},"class_list":["post-1326","page","type-page","status-publish","hentry"],"aioseo_notices":[],"_links":{"self":[{"href":"https:\/\/easycharging.ro\/index.php?rest_route=\/wp\/v2\/pages\/1326","targetHints":{"allow":["GET"]}}],"collection":[{"href":"https:\/\/easycharging.ro\/index.php?rest_route=\/wp\/v2\/pages"}],"about":[{"href":"https:\/\/easycharging.ro\/index.php?rest_route=\/wp\/v2\/types\/page"}],"author":[{"embeddable":true,"href":"https:\/\/easycharging.ro\/index.php?rest_route=\/wp\/v2\/users\/1"}],"replies":[{"embeddable":true,"href":"https:\/\/easycharging.ro\/index.php?rest_route=%2Fwp%2Fv2%2Fcomments&post=1326"}],"version-history":[{"count":7,"href":"https:\/\/easycharging.ro\/index.php?rest_route=\/wp\/v2\/pages\/1326\/revisions"}],"predecessor-version":[{"id":1622,"href":"https:\/\/easycharging.ro\/index.php?rest_route=\/wp\/v2\/pages\/1326\/revisions\/1622"}],"wp:attachment":[{"href":"https:\/\/easycharging.ro\/index.php?rest_route=%2Fwp%2Fv2%2Fmedia&parent=1326"}],"curies":[{"name":"wp","href":"https:\/\/api.w.org\/{rel}","templated":true}]}}